{"id":1420,"date":"2025-08-18T23:16:37","date_gmt":"2025-08-18T23:16:37","guid":{"rendered":"https:\/\/conseil75ordremedecin.com\/?page_id=1420"},"modified":"2025-08-18T23:20:00","modified_gmt":"2025-08-18T23:20:00","slug":"fraudes-electorales","status":"publish","type":"page","link":"https:\/\/conseil75ordremedecin.com\/index.php\/fraudes-electorales\/","title":{"rendered":"Fraudes \u00e9lectorales"},"content":{"rendered":"<p><div class=\"fusion-fullwidth fullwidth-box fusion-builder-row-1 fusion-flex-container nonhundred-percent-fullwidth non-hundred-percent-height-scrolling\" style=\"--awb-border-radius-top-left:0px;--awb-border-radius-top-right:0px;--awb-border-radius-bottom-right:0px;--awb-border-radius-bottom-left:0px;--awb-padding-top:90px;--awb-flex-wrap:wrap;\" ><div class=\"fusion-builder-row fusion-row fusion-flex-align-items-flex-start fusion-flex-justify-content-center fusion-flex-content-wrap\" style=\"max-width:1144px;margin-left: calc(-4% \/ 2 );margin-right: calc(-4% \/ 2 );\"><div class=\"fusion-layout-column fusion_builder_column fusion-builder-column-0 fusion_builder_column_2_3 2_3 fusion-flex-column\" style=\"--awb-bg-blend:overlay;--awb-bg-size:cover;--awb-width-large:66.666666666667%;--awb-margin-top-large:2%;--awb-spacing-right-large:2.88%;--awb-margin-bottom-large:2%;--awb-spacing-left-large:2.88%;--awb-width-medium:100%;--awb-spacing-right-medium:1.92%;--awb-spacing-left-medium:1.92%;--awb-width-small:100%;--awb-spacing-right-small:1.92%;--awb-spacing-left-small:1.92%;\"><div class=\"fusion-column-wrapper fusion-flex-justify-content-flex-start fusion-content-layout-column\"><div class=\"fusion-title title fusion-title-1 fusion-title-center fusion-title-text fusion-title-size-two\"><div class=\"title-sep-container title-sep-container-left\"><div class=\"title-sep sep- sep-solid\" style=\"border-color:var(--awb-color3);\"><\/div><\/div><span class=\"awb-title-spacer\"><\/span><h2 class=\"fusion-title-heading title-heading-center\" style=\"margin:0;\">Ce que vous pouvez faire pour mettre fin aux fraudes \u00e9lectorales<\/h2><span class=\"awb-title-spacer\"><\/span><div class=\"title-sep-container title-sep-container-right\"><div class=\"title-sep sep- sep-solid\" style=\"border-color:var(--awb-color3);\"><\/div><\/div><\/div><div class=\"fusion-separator\" style=\"align-self: center;margin-left: auto;margin-right: auto;margin-bottom:10px;width:100%;max-width:100px;\"><div class=\"fusion-separator-border sep-single sep-solid\" style=\"--awb-height:20px;--awb-amount:20px;--awb-sep-color:var(--awb-color5);border-color:var(--awb-color5);border-top-width:2px;\"><\/div><\/div><\/div><\/div><\/div><\/div><div class=\"fusion-fullwidth fullwidth-box fusion-builder-row-2 fusion-flex-container nonhundred-percent-fullwidth non-hundred-percent-height-scrolling\" style=\"--awb-border-radius-top-left:0px;--awb-border-radius-top-right:0px;--awb-border-radius-bottom-right:0px;--awb-border-radius-bottom-left:0px;--awb-padding-top:0px;--awb-padding-bottom:0px;--awb-flex-wrap:wrap;\" ><div class=\"fusion-builder-row fusion-row fusion-flex-align-items-flex-start fusion-flex-content-wrap\" style=\"max-width:1144px;margin-left: calc(-4% \/ 2 );margin-right: calc(-4% \/ 2 );\"><div class=\"fusion-layout-column fusion_builder_column fusion-builder-column-1 fusion_builder_column_2_3 2_3 fusion-flex-column\" style=\"--awb-padding-right:3%;--awb-padding-left:3%;--awb-bg-blend:overlay;--awb-bg-size:cover;--awb-width-large:66.666666666667%;--awb-margin-top-large:20px;--awb-spacing-right-large:2.88%;--awb-margin-bottom-large:0px;--awb-spacing-left-large:2.88%;--awb-width-medium:100%;--awb-spacing-right-medium:1.92%;--awb-spacing-left-medium:1.92%;--awb-width-small:100%;--awb-spacing-right-small:1.92%;--awb-spacing-left-small:1.92%;\"><div class=\"fusion-column-wrapper fusion-flex-justify-content-flex-start fusion-content-layout-column\"><div class=\"fusion-text fusion-text-1\" style=\"--awb-content-alignment:center;--awb-font-size:18px;--awb-line-height:28px;--awb-letter-spacing:var(--awb-typography2-letter-spacing);--awb-text-transform:var(--awb-typography2-text-transform);--awb-text-color:var(--awb-color7);--awb-text-font-family:var(--awb-typography2-font-family);--awb-text-font-weight:var(--awb-typography2-font-weight);--awb-text-font-style:var(--awb-typography2-font-style);\"><p style=\"text-align: justify;\">Nous voulons des \u00e9lections honn\u00eates pour choisir les conseils ordinaux et force est de constater que ce n\u2019est pas le cas actuellement.<\/p>\n<p style=\"text-align: justify;\"><b>1) M\u00eame si les \u00e9lections sont truqu\u00e9es, VOTEZ\u00a0!<\/b><\/p>\n<p style=\"text-align: justify;\">En effet, avec un taux d\u2019abstention de plus de 85\u00a0%, cela donne plus de poids aux bulletins de votes frauduleux.<\/p>\n<p style=\"text-align: justify;\">Au mieux, venez en pr\u00e9sentiel le dimanche matin 21 septembre 2025 au 105 boulevard Pereire 75017 Paris pour voter ou au pire, votez par correspondance pour les candidats que vous voulez mais pas pour ceux qui sont li\u00e9s \u00e0 des fraudeurs.<\/p>\n<p style=\"text-align: justify;\"><b>2) Pr\u00e9sentez-vous aux \u00e9lections afin de proposer une alternative \u00e0 liste les m\u00e9decins de Paris. <\/b>Pour cela, veuillez utiliser le formulaire contact afin qu\u2019on vous explique la marche \u00e0 suivre. Ensemble, nous serons plus forts.<\/p>\n<\/div><\/div><\/div><div class=\"fusion-layout-column fusion_builder_column fusion-builder-column-2 fusion_builder_column_1_3 1_3 fusion-flex-column\" style=\"--awb-bg-blend:overlay;--awb-bg-size:cover;--awb-width-large:33.333333333333%;--awb-margin-top-large:10px;--awb-spacing-right-large:5.76%;--awb-margin-bottom-large:0px;--awb-spacing-left-large:5.76%;--awb-width-medium:100%;--awb-spacing-right-medium:1.92%;--awb-spacing-left-medium:1.92%;--awb-width-small:100%;--awb-spacing-right-small:1.92%;--awb-spacing-left-small:1.92%;\"><div class=\"fusion-column-wrapper fusion-flex-justify-content-flex-start fusion-content-layout-column\"><div class=\"fusion-image-element md-text-align-center\" style=\"--awb-caption-title-font-family:var(--h2_typography-font-family);--awb-caption-title-font-weight:var(--h2_typography-font-weight);--awb-caption-title-font-style:var(--h2_typography-font-style);--awb-caption-title-size:var(--h2_typography-font-size);--awb-caption-title-transform:var(--h2_typography-text-transform);--awb-caption-title-line-height:var(--h2_typography-line-height);--awb-caption-title-letter-spacing:var(--h2_typography-letter-spacing);\"><span class=\" fusion-imageframe imageframe-none imageframe-1 hover-type-none\"><a class=\"fusion-no-lightbox\" href=\"https:\/\/1.envato.market\/qjXON\" target=\"_blank\" aria-label=\"Vote01\" rel=\"noopener noreferrer\"><img decoding=\"async\" width=\"300\" height=\"134\" src=\"https:\/\/conseil75ordremedecin.com\/wp-content\/uploads\/2025\/08\/Vote01.jpg\" data-orig-src=\"https:\/\/conseil75ordremedecin.com\/wp-content\/uploads\/2025\/08\/Vote01-300x134.jpg\" alt class=\"lazyload img-responsive wp-image-48\" srcset=\"data:image\/svg+xml,%3Csvg%20xmlns%3D%27http%3A%2F%2Fwww.w3.org%2F2000%2Fsvg%27%20width%3D%271200%27%20height%3D%27537%27%20viewBox%3D%270%200%201200%20537%27%3E%3Crect%20width%3D%271200%27%20height%3D%27537%27%20fill-opacity%3D%220%22%2F%3E%3C%2Fsvg%3E\" data-srcset=\"https:\/\/conseil75ordremedecin.com\/wp-content\/uploads\/2025\/08\/Vote01-200x90.jpg 200w, https:\/\/conseil75ordremedecin.com\/wp-content\/uploads\/2025\/08\/Vote01-400x179.jpg 400w, https:\/\/conseil75ordremedecin.com\/wp-content\/uploads\/2025\/08\/Vote01-600x269.jpg 600w, https:\/\/conseil75ordremedecin.com\/wp-content\/uploads\/2025\/08\/Vote01-800x358.jpg 800w, https:\/\/conseil75ordremedecin.com\/wp-content\/uploads\/2025\/08\/Vote01.jpg 1200w\" data-sizes=\"auto\" data-orig-sizes=\"(max-width: 1280px) 100vw, (max-width: 1024px) 100vw, 400px\" \/><\/a><\/span><\/div><div class=\"fusion-separator fusion-full-width-sep\" style=\"align-self: center;margin-left: auto;margin-right: auto;margin-top:50px;margin-bottom:50px;width:100%;\"><\/div><div class=\"fusion-image-element md-text-align-center\" style=\"--awb-caption-title-font-family:var(--h2_typography-font-family);--awb-caption-title-font-weight:var(--h2_typography-font-weight);--awb-caption-title-font-style:var(--h2_typography-font-style);--awb-caption-title-size:var(--h2_typography-font-size);--awb-caption-title-transform:var(--h2_typography-text-transform);--awb-caption-title-line-height:var(--h2_typography-line-height);--awb-caption-title-letter-spacing:var(--h2_typography-letter-spacing);\"><span class=\" fusion-imageframe imageframe-none imageframe-2 hover-type-none\"><a class=\"fusion-no-lightbox\" href=\"https:\/\/1.envato.market\/qjXON\" target=\"_blank\" aria-label=\"medecin-mecontent\" rel=\"noopener noreferrer\"><img decoding=\"async\" width=\"300\" height=\"206\" src=\"https:\/\/conseil75ordremedecin.com\/wp-content\/uploads\/2025\/08\/medecin-mecontent.png\" data-orig-src=\"https:\/\/conseil75ordremedecin.com\/wp-content\/uploads\/2025\/08\/medecin-mecontent-300x206.png\" alt class=\"lazyload img-responsive wp-image-49\" srcset=\"data:image\/svg+xml,%3Csvg%20xmlns%3D%27http%3A%2F%2Fwww.w3.org%2F2000%2Fsvg%27%20width%3D%271000%27%20height%3D%27685%27%20viewBox%3D%270%200%201000%20685%27%3E%3Crect%20width%3D%271000%27%20height%3D%27685%27%20fill-opacity%3D%220%22%2F%3E%3C%2Fsvg%3E\" data-srcset=\"https:\/\/conseil75ordremedecin.com\/wp-content\/uploads\/2025\/08\/medecin-mecontent-200x137.png 200w, https:\/\/conseil75ordremedecin.com\/wp-content\/uploads\/2025\/08\/medecin-mecontent-400x274.png 400w, https:\/\/conseil75ordremedecin.com\/wp-content\/uploads\/2025\/08\/medecin-mecontent-600x411.png 600w, https:\/\/conseil75ordremedecin.com\/wp-content\/uploads\/2025\/08\/medecin-mecontent-800x548.png 800w, https:\/\/conseil75ordremedecin.com\/wp-content\/uploads\/2025\/08\/medecin-mecontent.png 1000w\" data-sizes=\"auto\" data-orig-sizes=\"(max-width: 1280px) 100vw, (max-width: 1024px) 100vw, 400px\" \/><\/a><\/span><\/div><\/div><\/div><\/div><\/div><\/p>\n","protected":false},"excerpt":{"rendered":"","protected":false},"author":1,"featured_media":0,"parent":0,"menu_order":0,"comment_status":"closed","ping_status":"closed","template":"100-width.php","meta":{"footnotes":""},"class_list":["post-1420","page","type-page","status-publish","hentry"],"_links":{"self":[{"href":"https:\/\/conseil75ordremedecin.com\/index.php\/wp-json\/wp\/v2\/pages\/1420","targetHints":{"allow":["GET"]}}],"collection":[{"href":"https:\/\/conseil75ordremedecin.com\/index.php\/wp-json\/wp\/v2\/pages"}],"about":[{"href":"https:\/\/conseil75ordremedecin.com\/index.php\/wp-json\/wp\/v2\/types\/page"}],"author":[{"embeddable":true,"href":"https:\/\/conseil75ordremedecin.com\/index.php\/wp-json\/wp\/v2\/users\/1"}],"replies":[{"embeddable":true,"href":"https:\/\/conseil75ordremedecin.com\/index.php\/wp-json\/wp\/v2\/comments?post=1420"}],"version-history":[{"count":3,"href":"https:\/\/conseil75ordremedecin.com\/index.php\/wp-json\/wp\/v2\/pages\/1420\/revisions"}],"predecessor-version":[{"id":1424,"href":"https:\/\/conseil75ordremedecin.com\/index.php\/wp-json\/wp\/v2\/pages\/1420\/revisions\/1424"}],"wp:attachment":[{"href":"https:\/\/conseil75ordremedecin.com\/index.php\/wp-json\/wp\/v2\/media?parent=1420"}],"curies":[{"name":"wp","href":"https:\/\/api.w.org\/{rel}","templated":true}]}}