{"id":26,"date":"2025-08-18T16:56:43","date_gmt":"2025-08-18T16:56:43","guid":{"rendered":"https:\/\/conseil75ordremedecin.com\/?page_id=26"},"modified":"2025-08-18T23:42:20","modified_gmt":"2025-08-18T23:42:20","slug":"accueil","status":"publish","type":"page","link":"https:\/\/conseil75ordremedecin.com\/","title":{"rendered":"Accueil"},"content":{"rendered":"<div class=\"fusion-fullwidth fullwidth-box fusion-builder-row-1 fusion-flex-container has-pattern-background has-mask-background nonhundred-percent-fullwidth non-hundred-percent-height-scrolling\" style=\"--awb-border-radius-top-left:0px;--awb-border-radius-top-right:0px;--awb-border-radius-bottom-right:0px;--awb-border-radius-bottom-left:0px;--awb-flex-wrap:wrap;\" ><div class=\"fusion-builder-row fusion-row fusion-flex-align-items-flex-start fusion-flex-content-wrap\" style=\"max-width:1144px;margin-left: calc(-4% \/ 2 );margin-right: calc(-4% \/ 2 );\"><div class=\"fusion-layout-column fusion_builder_column fusion-builder-column-0 fusion_builder_column_2_3 2_3 fusion-flex-column\" style=\"--awb-bg-size:cover;--awb-width-large:66.666666666667%;--awb-margin-top-large:0px;--awb-spacing-right-large:2.88%;--awb-margin-bottom-large:20px;--awb-spacing-left-large:2.88%;--awb-width-medium:100%;--awb-order-medium:0;--awb-spacing-right-medium:1.92%;--awb-spacing-left-medium:1.92%;--awb-width-small:100%;--awb-order-small:0;--awb-spacing-right-small:1.92%;--awb-spacing-left-small:1.92%;\"><div class=\"fusion-column-wrapper fusion-column-has-shadow fusion-flex-justify-content-flex-start fusion-content-layout-column\"><div class=\"fusion-text fusion-text-1\" style=\"--awb-content-alignment:justify;--awb-text-color:var(--awb-color7);\"><h5 style=\"text-align: justify;\">Ce site n\u2019est pas le site officiel du CNOM (Conseil National de l\u2019Ordre des M\u00e9decins), ni celui du Conseil D\u00e9partemental de l&rsquo;Ordre des M\u00e9decins de la ville de Paris (CDOM75).<\/h5>\n<p style=\"text-align: justify;\">Notre site Web ind\u00e9pendant est destin\u00e9 \u00e0 informer les m\u00e9decins et le grand public sur les <b>graves dysfonctionnements <\/b><b>dont des <\/b><u><b>fraudes \u00e9lectorales<\/b><\/u><b> <\/b>qui existent au sein du Conseil D\u00e9partemental de l&rsquo;Ordre des M\u00e9decins de la ville de Paris (CDOM75). Nous incitons les m\u00e9decins \u00e0 investir un peu de leur temps et de leur argent afin qu\u2019ils puissent choisir <u><b>r\u00e9ellement<\/b><\/u> leurs dirigeants, en contribuant \u00e0 mettre fin aux fraudes.<\/p>\n<p style=\"text-align: justify;\">Nous encourageons par ailleurs les m\u00e9decins m\u00e9contents des d\u00e9cisions prises par le Conseil D\u00e9partemental de l&rsquo;Ordre des M\u00e9decins de la ville de Paris (CDOM75) \u00e0 les contester \u00a0: une d\u00e9cision prise par une autorit\u00e9 ill\u00e9gitime n\u2019a aucune valeur juridique. Ce site a pour ambition de fournir des \u00e9l\u00e9ments \u00e9tayant ce point de vue.<\/p>\n<p style=\"text-align: justify;\">Il y a urgence car de nouvelles \u00e9lections vont avoir lieu le dimanche 21 septembre 2025, apr\u00e8s deux \u00e9lections successives annul\u00e9es par le Tribunal Administratif de Paris et rien de significatif n\u2019a \u00e9t\u00e9 accompli par les autorit\u00e9s pour emp\u00eacher de nouvelles fraudes.<\/p>\n<p style=\"text-align: justify;\">Si vous \u00eates t\u00e9moins de dysfonctionnements, tels qu\u2019ils soient, vous \u00eates encourag\u00e9s \u00e0 nous les transmettre de fa\u00e7on anonyme ou non en utilisant le formulaire de contact.<\/p>\n<\/div><\/div><\/div><div class=\"fusion-layout-column fusion_builder_column fusion-builder-column-1 fusion_builder_column_1_3 1_3 fusion-flex-column fusion-flex-align-self-center\" style=\"--awb-bg-size:cover;--awb-width-large:33.333333333333%;--awb-margin-top-large:0px;--awb-spacing-right-large:5.76%;--awb-margin-bottom-large:20px;--awb-spacing-left-large:5.76%;--awb-width-medium:100%;--awb-order-medium:0;--awb-spacing-right-medium:1.92%;--awb-spacing-left-medium:1.92%;--awb-width-small:100%;--awb-order-small:0;--awb-spacing-right-small:1.92%;--awb-spacing-left-small:1.92%;\" data-scroll-devices=\"small-visibility,medium-visibility,large-visibility\"><div class=\"fusion-column-wrapper fusion-column-has-shadow fusion-flex-justify-content-center fusion-content-layout-column\"><div class=\"fusion-image-element \" style=\"text-align:center;--awb-caption-title-font-family:var(--h2_typography-font-family);--awb-caption-title-font-weight:var(--h2_typography-font-weight);--awb-caption-title-font-style:var(--h2_typography-font-style);--awb-caption-title-size:var(--h2_typography-font-size);--awb-caption-title-transform:var(--h2_typography-text-transform);--awb-caption-title-line-height:var(--h2_typography-line-height);--awb-caption-title-letter-spacing:var(--h2_typography-letter-spacing);\"><span class=\" fusion-imageframe imageframe-none imageframe-1 hover-type-none\"><img decoding=\"async\" width=\"300\" height=\"169\" title=\"117-le-role-de-la-cour-supreme-dans-le-systeme-juridique-840&#215;473\" src=\"https:\/\/conseil75ordremedecin.com\/wp-content\/uploads\/2025\/08\/117-le-role-de-la-cour-supreme-dans-le-systeme-juridique-840x473-1.jpg\" data-orig-src=\"https:\/\/conseil75ordremedecin.com\/wp-content\/uploads\/2025\/08\/117-le-role-de-la-cour-supreme-dans-le-systeme-juridique-840x473-1-300x169.jpg\" alt class=\"lazyload img-responsive wp-image-10\" srcset=\"data:image\/svg+xml,%3Csvg%20xmlns%3D%27http%3A%2F%2Fwww.w3.org%2F2000%2Fsvg%27%20width%3D%27840%27%20height%3D%27473%27%20viewBox%3D%270%200%20840%20473%27%3E%3Crect%20width%3D%27840%27%20height%3D%27473%27%20fill-opacity%3D%220%22%2F%3E%3C%2Fsvg%3E\" data-srcset=\"https:\/\/conseil75ordremedecin.com\/wp-content\/uploads\/2025\/08\/117-le-role-de-la-cour-supreme-dans-le-systeme-juridique-840x473-1-200x113.jpg 200w, https:\/\/conseil75ordremedecin.com\/wp-content\/uploads\/2025\/08\/117-le-role-de-la-cour-supreme-dans-le-systeme-juridique-840x473-1-400x225.jpg 400w, https:\/\/conseil75ordremedecin.com\/wp-content\/uploads\/2025\/08\/117-le-role-de-la-cour-supreme-dans-le-systeme-juridique-840x473-1-600x338.jpg 600w, https:\/\/conseil75ordremedecin.com\/wp-content\/uploads\/2025\/08\/117-le-role-de-la-cour-supreme-dans-le-systeme-juridique-840x473-1-800x450.jpg 800w, https:\/\/conseil75ordremedecin.com\/wp-content\/uploads\/2025\/08\/117-le-role-de-la-cour-supreme-dans-le-systeme-juridique-840x473-1.jpg 840w\" data-sizes=\"auto\" data-orig-sizes=\"(max-width: 1280px) 100vw, (max-width: 1024px) 100vw, 400px\" \/><\/span><\/div><div class=\"fusion-separator fusion-full-width-sep\" style=\"align-self: center;margin-left: auto;margin-right: auto;margin-top:50px;margin-bottom:50px;width:100%;\"><\/div><div class=\"fusion-image-element \" style=\"text-align:center;--awb-caption-title-font-family:var(--h2_typography-font-family);--awb-caption-title-font-weight:var(--h2_typography-font-weight);--awb-caption-title-font-style:var(--h2_typography-font-style);--awb-caption-title-size:var(--h2_typography-font-size);--awb-caption-title-transform:var(--h2_typography-text-transform);--awb-caption-title-line-height:var(--h2_typography-line-height);--awb-caption-title-letter-spacing:var(--h2_typography-letter-spacing);\"><span class=\" fusion-imageframe imageframe-none imageframe-2 hover-type-none\"><img decoding=\"async\" width=\"300\" height=\"142\" title=\"marteau-de-justice-et-stethoscope-isoles-sur-fond-blanc\" src=\"https:\/\/conseil75ordremedecin.com\/wp-content\/uploads\/2025\/08\/marteau-de-justice-et-stethoscope-isoles-sur-fond-blanc-scaled.png\" data-orig-src=\"https:\/\/conseil75ordremedecin.com\/wp-content\/uploads\/2025\/08\/marteau-de-justice-et-stethoscope-isoles-sur-fond-blanc-300x142.png\" alt class=\"lazyload img-responsive wp-image-56\" srcset=\"data:image\/svg+xml,%3Csvg%20xmlns%3D%27http%3A%2F%2Fwww.w3.org%2F2000%2Fsvg%27%20width%3D%272560%27%20height%3D%271212%27%20viewBox%3D%270%200%202560%201212%27%3E%3Crect%20width%3D%272560%27%20height%3D%271212%27%20fill-opacity%3D%220%22%2F%3E%3C%2Fsvg%3E\" data-srcset=\"https:\/\/conseil75ordremedecin.com\/wp-content\/uploads\/2025\/08\/marteau-de-justice-et-stethoscope-isoles-sur-fond-blanc-200x95.png 200w, https:\/\/conseil75ordremedecin.com\/wp-content\/uploads\/2025\/08\/marteau-de-justice-et-stethoscope-isoles-sur-fond-blanc-400x189.png 400w, https:\/\/conseil75ordremedecin.com\/wp-content\/uploads\/2025\/08\/marteau-de-justice-et-stethoscope-isoles-sur-fond-blanc-600x284.png 600w, https:\/\/conseil75ordremedecin.com\/wp-content\/uploads\/2025\/08\/marteau-de-justice-et-stethoscope-isoles-sur-fond-blanc-800x379.png 800w, https:\/\/conseil75ordremedecin.com\/wp-content\/uploads\/2025\/08\/marteau-de-justice-et-stethoscope-isoles-sur-fond-blanc-1200x568.png 1200w\" data-sizes=\"auto\" data-orig-sizes=\"(max-width: 1280px) 100vw, (max-width: 1024px) 100vw, 400px\" \/><\/span><\/div><\/div><\/div><\/div><\/div>\n","protected":false},"excerpt":{"rendered":"","protected":false},"author":1,"featured_media":0,"parent":0,"menu_order":0,"comment_status":"closed","ping_status":"closed","template":"100-width.php","meta":{"footnotes":""},"class_list":["post-26","page","type-page","status-publish","hentry"],"_links":{"self":[{"href":"https:\/\/conseil75ordremedecin.com\/index.php\/wp-json\/wp\/v2\/pages\/26","targetHints":{"allow":["GET"]}}],"collection":[{"href":"https:\/\/conseil75ordremedecin.com\/index.php\/wp-json\/wp\/v2\/pages"}],"about":[{"href":"https:\/\/conseil75ordremedecin.com\/index.php\/wp-json\/wp\/v2\/types\/page"}],"author":[{"embeddable":true,"href":"https:\/\/conseil75ordremedecin.com\/index.php\/wp-json\/wp\/v2\/users\/1"}],"replies":[{"embeddable":true,"href":"https:\/\/conseil75ordremedecin.com\/index.php\/wp-json\/wp\/v2\/comments?post=26"}],"version-history":[{"count":35,"href":"https:\/\/conseil75ordremedecin.com\/index.php\/wp-json\/wp\/v2\/pages\/26\/revisions"}],"predecessor-version":[{"id":1433,"href":"https:\/\/conseil75ordremedecin.com\/index.php\/wp-json\/wp\/v2\/pages\/26\/revisions\/1433"}],"wp:attachment":[{"href":"https:\/\/conseil75ordremedecin.com\/index.php\/wp-json\/wp\/v2\/media?parent=26"}],"curies":[{"name":"wp","href":"https:\/\/api.w.org\/{rel}","templated":true}]}}