{"id":855,"date":"2016-11-02T02:26:39","date_gmt":"2016-11-02T02:26:39","guid":{"rendered":"https:\/\/avadawebsites.wpengine.com\/dentist\/?page_id=8"},"modified":"2025-08-18T23:11:35","modified_gmt":"2025-08-18T23:11:35","slug":"decision","status":"publish","type":"page","link":"https:\/\/conseil75ordremedecin.com\/index.php\/decision\/","title":{"rendered":"D\u00e9cision du Tribunal Administratif"},"content":{"rendered":"<p><div class=\"fusion-fullwidth fullwidth-box fusion-builder-row-1 fusion-flex-container nonhundred-percent-fullwidth non-hundred-percent-height-scrolling\" style=\"--awb-border-radius-top-left:0px;--awb-border-radius-top-right:0px;--awb-border-radius-bottom-right:0px;--awb-border-radius-bottom-left:0px;--awb-padding-top:90px;--awb-flex-wrap:wrap;\" ><div class=\"fusion-builder-row fusion-row fusion-flex-align-items-flex-start fusion-flex-justify-content-center fusion-flex-content-wrap\" style=\"max-width:1144px;margin-left: calc(-4% \/ 2 );margin-right: calc(-4% \/ 2 );\"><div class=\"fusion-layout-column fusion_builder_column fusion-builder-column-0 fusion_builder_column_2_3 2_3 fusion-flex-column\" style=\"--awb-bg-blend:overlay;--awb-bg-size:cover;--awb-width-large:66.666666666667%;--awb-margin-top-large:2%;--awb-spacing-right-large:2.88%;--awb-margin-bottom-large:2%;--awb-spacing-left-large:2.88%;--awb-width-medium:100%;--awb-spacing-right-medium:1.92%;--awb-spacing-left-medium:1.92%;--awb-width-small:100%;--awb-spacing-right-small:1.92%;--awb-spacing-left-small:1.92%;\"><div class=\"fusion-column-wrapper fusion-flex-justify-content-flex-start fusion-content-layout-column\"><div class=\"fusion-title title fusion-title-1 fusion-title-center fusion-title-text fusion-title-size-two\"><div class=\"title-sep-container title-sep-container-left\"><div class=\"title-sep sep- sep-solid\" style=\"border-color:var(--awb-color3);\"><\/div><\/div><span class=\"awb-title-spacer\"><\/span><h2 class=\"fusion-title-heading title-heading-center\" style=\"margin:0;\">D\u00e9cision du Tribunal Administratif de Paris du 04.04.2025<\/h2><span class=\"awb-title-spacer\"><\/span><div class=\"title-sep-container title-sep-container-right\"><div class=\"title-sep sep- sep-solid\" style=\"border-color:var(--awb-color3);\"><\/div><\/div><\/div><div class=\"fusion-separator\" style=\"align-self: center;margin-left: auto;margin-right: auto;margin-bottom:10px;width:100%;max-width:100px;\"><div class=\"fusion-separator-border sep-single sep-solid\" style=\"--awb-height:20px;--awb-amount:20px;--awb-sep-color:var(--awb-color5);border-color:var(--awb-color5);border-top-width:2px;\"><\/div><\/div><\/div><\/div><\/div><\/div><div class=\"fusion-fullwidth fullwidth-box fusion-builder-row-2 fusion-flex-container nonhundred-percent-fullwidth non-hundred-percent-height-scrolling\" style=\"--awb-border-radius-top-left:0px;--awb-border-radius-top-right:0px;--awb-border-radius-bottom-right:0px;--awb-border-radius-bottom-left:0px;--awb-padding-top:0px;--awb-padding-bottom:0px;--awb-flex-wrap:wrap;\" ><div class=\"fusion-builder-row fusion-row fusion-flex-align-items-flex-start fusion-flex-content-wrap\" style=\"max-width:1144px;margin-left: calc(-4% \/ 2 );margin-right: calc(-4% \/ 2 );\"><div class=\"fusion-layout-column fusion_builder_column fusion-builder-column-1 fusion_builder_column_2_3 2_3 fusion-flex-column\" style=\"--awb-padding-right:3%;--awb-padding-left:3%;--awb-bg-blend:overlay;--awb-bg-size:cover;--awb-width-large:66.666666666667%;--awb-margin-top-large:20px;--awb-spacing-right-large:2.88%;--awb-margin-bottom-large:0px;--awb-spacing-left-large:2.88%;--awb-width-medium:100%;--awb-spacing-right-medium:1.92%;--awb-spacing-left-medium:1.92%;--awb-width-small:100%;--awb-spacing-right-small:1.92%;--awb-spacing-left-small:1.92%;\"><div class=\"fusion-column-wrapper fusion-flex-justify-content-flex-start fusion-content-layout-column\"><div class=\"fusion-text fusion-text-1\" style=\"--awb-content-alignment:center;--awb-font-size:18px;--awb-line-height:28px;--awb-letter-spacing:var(--awb-typography2-letter-spacing);--awb-text-transform:var(--awb-typography2-text-transform);--awb-text-color:var(--awb-color7);--awb-text-font-family:var(--awb-typography2-font-family);--awb-text-font-weight:var(--awb-typography2-font-weight);--awb-text-font-style:var(--awb-typography2-font-style);\"><p style=\"text-align: justify;\"><span style=\"color: #000000;\">D\u00e9cision du Tribunal Administratif de Paris du 4 avril 2025 d\u2019annuler les \u00e9lections du<\/span><\/p>\n<p style=\"text-align: justify;\"><span style=\"color: #000000;\">Voici une copie du jugement du tribunal administratif de Paris du 04 avril 2025 sous forme de fichier PDF t\u00e9l\u00e9chargeable.<\/span><\/p>\n<p style=\"text-align: justify;\"><span style=\"color: #000000;\">On y apprend au paraphe 9 que des bulletins pr\u00e9remplis ont circul\u00e9 pour voter en faveur d\u2019une partie de la liste dominante \u00ab\u00a0Les m\u00e9decins de Paris\u00a0\u00bb. La liste \u00ab\u00a0Les m\u00e9decins de Paris\u00a0\u00bb est ultra-dominante en gagnant toujours les \u00e9lections haut la main et d\u00e9tient le pouvoir au CDOM75 depuis de nombreuses ann\u00e9es. Cette pratique d\u00e9loyale est tr\u00e8s choquante et constitue une <u><b>fraude \u00e9lectorale caract\u00e9ris\u00e9e<\/b><\/u> mettant gravement en cause le Dr Jean-Jacques AVRANE, ancien pr\u00e9sident du CDOM75 et une partie de son \u00e9quipe se pr\u00e9sentant sous l\u2019\u00e9tiquette \u00ab\u00a0Les m\u00e9decins de Paris\u00a0\u00bb, qui semble \u00eatre bien mal plac\u00e9e pour \u00eatre le garant de la d\u00e9ontologie de la profession m\u00e9dicale. Pourtant, le CNOM (Conseil National de l\u2019Ordre des M\u00e9decins), entit\u00e9 distincte du CDOM75 mais plus haut dans la hi\u00e9rarchie, n\u2019a rien a trouv\u00e9 \u00e0 redire qu\u2019il se pr\u00e9sente comme si rien n\u2019\u00e9tait aux \u00e9lections nationales du CNOM en juin 2025. Le Dr Jean-Jacques AVRANE y a m\u00eame \u00e9t\u00e9 \u00e9lu conseiller ordinal titulaire malgr\u00e9 le fait qu\u2019il ait provoqu\u00e9 deux annulations \u00e9lectorales successives au CDOM75 pour irr\u00e9gularit\u00e9s. Cela interroge sur la capacit\u00e9 du CNOM ainsi que du CDOM75 \u00e0 assurer la moralit\u00e9 de la profession m\u00e9dicale.<\/span><\/p>\n<\/div><\/div><\/div><div class=\"fusion-layout-column fusion_builder_column fusion-builder-column-2 fusion_builder_column_1_3 1_3 fusion-flex-column\" style=\"--awb-bg-blend:overlay;--awb-bg-size:cover;--awb-width-large:33.333333333333%;--awb-margin-top-large:10px;--awb-spacing-right-large:5.76%;--awb-margin-bottom-large:0px;--awb-spacing-left-large:5.76%;--awb-width-medium:100%;--awb-spacing-right-medium:1.92%;--awb-spacing-left-medium:1.92%;--awb-width-small:100%;--awb-spacing-right-small:1.92%;--awb-spacing-left-small:1.92%;\"><div class=\"fusion-column-wrapper fusion-flex-justify-content-flex-start fusion-content-layout-column\"><div class=\"fusion-image-element md-text-align-center\" style=\"--awb-caption-title-font-family:var(--h2_typography-font-family);--awb-caption-title-font-weight:var(--h2_typography-font-weight);--awb-caption-title-font-style:var(--h2_typography-font-style);--awb-caption-title-size:var(--h2_typography-font-size);--awb-caption-title-transform:var(--h2_typography-text-transform);--awb-caption-title-line-height:var(--h2_typography-line-height);--awb-caption-title-letter-spacing:var(--h2_typography-letter-spacing);\"><span class=\" fusion-imageframe imageframe-none imageframe-1 hover-type-none\"><a class=\"fusion-no-lightbox\" href=\"https:\/\/1.envato.market\/qjXON\" target=\"_blank\" aria-label=\"istockphoto-974846926-170667a-88794568\" rel=\"noopener noreferrer\"><img decoding=\"async\" width=\"300\" height=\"168\" src=\"https:\/\/conseil75ordremedecin.com\/wp-content\/uploads\/2025\/08\/istockphoto-974846926-170667a-88794568.jpeg\" data-orig-src=\"https:\/\/conseil75ordremedecin.com\/wp-content\/uploads\/2025\/08\/istockphoto-974846926-170667a-88794568-300x168.jpeg\" alt class=\"lazyload img-responsive wp-image-12\" srcset=\"data:image\/svg+xml,%3Csvg%20xmlns%3D%27http%3A%2F%2Fwww.w3.org%2F2000%2Fsvg%27%20width%3D%271300%27%20height%3D%27729%27%20viewBox%3D%270%200%201300%20729%27%3E%3Crect%20width%3D%271300%27%20height%3D%27729%27%20fill-opacity%3D%220%22%2F%3E%3C%2Fsvg%3E\" data-srcset=\"https:\/\/conseil75ordremedecin.com\/wp-content\/uploads\/2025\/08\/istockphoto-974846926-170667a-88794568-200x112.jpeg 200w, https:\/\/conseil75ordremedecin.com\/wp-content\/uploads\/2025\/08\/istockphoto-974846926-170667a-88794568-400x224.jpeg 400w, https:\/\/conseil75ordremedecin.com\/wp-content\/uploads\/2025\/08\/istockphoto-974846926-170667a-88794568-600x336.jpeg 600w, https:\/\/conseil75ordremedecin.com\/wp-content\/uploads\/2025\/08\/istockphoto-974846926-170667a-88794568-800x449.jpeg 800w, https:\/\/conseil75ordremedecin.com\/wp-content\/uploads\/2025\/08\/istockphoto-974846926-170667a-88794568-1200x673.jpeg 1200w, https:\/\/conseil75ordremedecin.com\/wp-content\/uploads\/2025\/08\/istockphoto-974846926-170667a-88794568.jpeg 1300w\" data-sizes=\"auto\" data-orig-sizes=\"(max-width: 1280px) 100vw, (max-width: 1024px) 100vw, 400px\" \/><\/a><\/span><\/div><div class=\"fusion-separator fusion-full-width-sep\" style=\"align-self: center;margin-left: auto;margin-right: auto;margin-top:50px;margin-bottom:50px;width:100%;\"><\/div><div style=\"text-align:center;\"><a class=\"fusion-button button-flat button-large button-custom fusion-button-default button-1 fusion-button-default-span fusion-button-default-type\" style=\"--button_accent_color:var(--awb-color1);--button_accent_hover_color:var(--awb-color1);--button_border_hover_color:var(--awb-color1);--button_gradient_top_color:var(--awb-color5);--button_gradient_bottom_color:var(--awb-color5);--button_gradient_top_color_hover:var(--awb-color4);--button_gradient_bottom_color_hover:var(--awb-color4);\" target=\"_blank\" rel=\"noopener noreferrer\" href=\"https:\/\/conseil75ordremedecin.com\/wp-content\/uploads\/2025\/08\/jugement_du_Tribunal_Administratif_de_Paris_du_04.04.2025.pdf\"><span class=\"fusion-button-text awb-button__text awb-button__text--default\">T\u00e9l\u00e9charger le PDF<\/span><\/a><\/div><div class=\"fusion-separator fusion-full-width-sep\" style=\"align-self: center;margin-left: auto;margin-right: auto;margin-top:50px;margin-bottom:50px;width:100%;\"><\/div><div class=\"fusion-image-element md-text-align-center\" style=\"--awb-caption-title-font-family:var(--h2_typography-font-family);--awb-caption-title-font-weight:var(--h2_typography-font-weight);--awb-caption-title-font-style:var(--h2_typography-font-style);--awb-caption-title-size:var(--h2_typography-font-size);--awb-caption-title-transform:var(--h2_typography-text-transform);--awb-caption-title-line-height:var(--h2_typography-line-height);--awb-caption-title-letter-spacing:var(--h2_typography-letter-spacing);\"><span class=\" fusion-imageframe imageframe-none imageframe-2 hover-type-none\"><a class=\"fusion-no-lightbox\" href=\"https:\/\/1.envato.market\/qjXON\" target=\"_blank\" aria-label=\"tableau-de-l-Ordre-des-medecins-medical-rh-e1579023704250-1536&#215;885-2746010387\" rel=\"noopener noreferrer\"><img decoding=\"async\" width=\"300\" height=\"173\" src=\"https:\/\/conseil75ordremedecin.com\/wp-content\/uploads\/2025\/08\/tableau-de-l-Ordre-des-medecins-medical-rh-e1579023704250-1536x885-2746010387.jpg\" data-orig-src=\"https:\/\/conseil75ordremedecin.com\/wp-content\/uploads\/2025\/08\/tableau-de-l-Ordre-des-medecins-medical-rh-e1579023704250-1536x885-2746010387-300x173.jpg\" alt class=\"lazyload img-responsive wp-image-11\" srcset=\"data:image\/svg+xml,%3Csvg%20xmlns%3D%27http%3A%2F%2Fwww.w3.org%2F2000%2Fsvg%27%20width%3D%271536%27%20height%3D%27885%27%20viewBox%3D%270%200%201536%20885%27%3E%3Crect%20width%3D%271536%27%20height%3D%27885%27%20fill-opacity%3D%220%22%2F%3E%3C%2Fsvg%3E\" data-srcset=\"https:\/\/conseil75ordremedecin.com\/wp-content\/uploads\/2025\/08\/tableau-de-l-Ordre-des-medecins-medical-rh-e1579023704250-1536x885-2746010387-200x115.jpg 200w, https:\/\/conseil75ordremedecin.com\/wp-content\/uploads\/2025\/08\/tableau-de-l-Ordre-des-medecins-medical-rh-e1579023704250-1536x885-2746010387-400x230.jpg 400w, https:\/\/conseil75ordremedecin.com\/wp-content\/uploads\/2025\/08\/tableau-de-l-Ordre-des-medecins-medical-rh-e1579023704250-1536x885-2746010387-600x346.jpg 600w, https:\/\/conseil75ordremedecin.com\/wp-content\/uploads\/2025\/08\/tableau-de-l-Ordre-des-medecins-medical-rh-e1579023704250-1536x885-2746010387-800x461.jpg 800w, https:\/\/conseil75ordremedecin.com\/wp-content\/uploads\/2025\/08\/tableau-de-l-Ordre-des-medecins-medical-rh-e1579023704250-1536x885-2746010387-1200x691.jpg 1200w, https:\/\/conseil75ordremedecin.com\/wp-content\/uploads\/2025\/08\/tableau-de-l-Ordre-des-medecins-medical-rh-e1579023704250-1536x885-2746010387.jpg 1536w\" data-sizes=\"auto\" data-orig-sizes=\"(max-width: 1280px) 100vw, (max-width: 1024px) 100vw, 400px\" \/><\/a><\/span><\/div><\/div><\/div><\/div><\/div><\/p>\n","protected":false},"excerpt":{"rendered":"","protected":false},"author":1,"featured_media":0,"parent":0,"menu_order":0,"comment_status":"closed","ping_status":"closed","template":"100-width.php","meta":{"footnotes":""},"class_list":["post-855","page","type-page","status-publish","hentry"],"_links":{"self":[{"href":"https:\/\/conseil75ordremedecin.com\/index.php\/wp-json\/wp\/v2\/pages\/855","targetHints":{"allow":["GET"]}}],"collection":[{"href":"https:\/\/conseil75ordremedecin.com\/index.php\/wp-json\/wp\/v2\/pages"}],"about":[{"href":"https:\/\/conseil75ordremedecin.com\/index.php\/wp-json\/wp\/v2\/types\/page"}],"author":[{"embeddable":true,"href":"https:\/\/conseil75ordremedecin.com\/index.php\/wp-json\/wp\/v2\/users\/1"}],"replies":[{"embeddable":true,"href":"https:\/\/conseil75ordremedecin.com\/index.php\/wp-json\/wp\/v2\/comments?post=855"}],"version-history":[{"count":13,"href":"https:\/\/conseil75ordremedecin.com\/index.php\/wp-json\/wp\/v2\/pages\/855\/revisions"}],"predecessor-version":[{"id":1417,"href":"https:\/\/conseil75ordremedecin.com\/index.php\/wp-json\/wp\/v2\/pages\/855\/revisions\/1417"}],"wp:attachment":[{"href":"https:\/\/conseil75ordremedecin.com\/index.php\/wp-json\/wp\/v2\/media?parent=855"}],"curies":[{"name":"wp","href":"https:\/\/api.w.org\/{rel}","templated":true}]}}